{"id":11,"date":"2023-09-14T16:47:17","date_gmt":"2023-09-14T14:47:17","guid":{"rendered":"https:\/\/kineperform.be\/?page_id=11"},"modified":"2025-09-09T19:11:19","modified_gmt":"2025-09-09T17:11:19","slug":"contacts","status":"publish","type":"page","link":"https:\/\/kineperform.be\/index.php\/contacts\/","title":{"rendered":"Contacts"},"content":{"rendered":"\n<div class=\"wp-block-columns is-layout-flex wp-container-core-columns-is-layout-9d6595d7 wp-block-columns-is-layout-flex\">\n<div class=\"wp-block-column is-layout-flow wp-block-column-is-layout-flow\" style=\"flex-basis:33.33%\">\n<h2 class=\"wp-block-heading\">Demandez votre rendez-vous<\/h2>\n\n\n\n<p>email: info@kineperform.be<\/p>\n<\/div>\n\n\n\n<div class=\"wp-block-column is-layout-flow wp-block-column-is-layout-flow\" style=\"flex-basis:66.66%\">\n<div class=\"wp-block-contact-form-7-contact-form-selector\">\n<div class=\"wpcf7 no-js\" id=\"wpcf7-f24-o1\" lang=\"fr-FR\" dir=\"ltr\" data-wpcf7-id=\"24\">\n<div class=\"screen-reader-response\"><p role=\"status\" aria-live=\"polite\" aria-atomic=\"true\"><\/p> <ul><\/ul><\/div>\n<form action=\"\/index.php\/wp-json\/wp\/v2\/pages\/11#wpcf7-f24-o1\" method=\"post\" class=\"wpcf7-form init\" aria-label=\"Formulaire de contact\" novalidate=\"novalidate\" data-status=\"init\">\n<fieldset class=\"hidden-fields-container\"><input type=\"hidden\" name=\"_wpcf7\" value=\"24\" \/><input type=\"hidden\" name=\"_wpcf7_version\" value=\"6.1.5\" \/><input type=\"hidden\" name=\"_wpcf7_locale\" value=\"fr_FR\" \/><input type=\"hidden\" name=\"_wpcf7_unit_tag\" value=\"wpcf7-f24-o1\" \/><input type=\"hidden\" name=\"_wpcf7_container_post\" value=\"0\" \/><input type=\"hidden\" name=\"_wpcf7_posted_data_hash\" value=\"\" \/>\n<\/fieldset>\n<p><label> Votre nom<br \/>\n<span class=\"wpcf7-form-control-wrap\" data-name=\"your-name\"><input size=\"40\" maxlength=\"400\" class=\"wpcf7-form-control wpcf7-text wpcf7-validates-as-required\" autocomplete=\"name\" aria-required=\"true\" aria-invalid=\"false\" value=\"\" type=\"text\" name=\"your-name\" \/><\/span> <\/label>\n<\/p>\n<p><label> Votre e-mail<br \/>\n<span class=\"wpcf7-form-control-wrap\" data-name=\"your-email\"><input size=\"40\" maxlength=\"400\" class=\"wpcf7-form-control wpcf7-email wpcf7-validates-as-required wpcf7-text wpcf7-validates-as-email\" autocomplete=\"email\" aria-required=\"true\" aria-invalid=\"false\" value=\"\" type=\"email\" name=\"your-email\" \/><\/span> <\/label>\n<\/p>\n<p><label> Votre t\u00e9l\u00e9phone<br \/>\n<span class=\"wpcf7-form-control-wrap\" data-name=\"tel-600\"><input size=\"40\" maxlength=\"400\" class=\"wpcf7-form-control wpcf7-tel wpcf7-validates-as-required wpcf7-text wpcf7-validates-as-tel\" aria-required=\"true\" aria-invalid=\"false\" value=\"\" type=\"tel\" name=\"tel-600\" \/><\/span><\/label>\n<\/p>\n<p><label> Centre pour votre rendez-vous<br \/>\n<span class=\"wpcf7-form-control-wrap\" data-name=\"centre\"><select class=\"wpcf7-form-control wpcf7-select wpcf7-validates-as-required\" aria-required=\"true\" aria-invalid=\"false\" name=\"centre\"><option value=\"Fl\u00e9ron\">Fl\u00e9ron<\/option><option value=\"Ch\u00ean\u00e9e\">Ch\u00ean\u00e9e<\/option><\/select><\/span><\/label>\n<\/p>\n<p><label> Objet<br \/>\n<span class=\"wpcf7-form-control-wrap\" data-name=\"your-subject\"><input size=\"40\" maxlength=\"400\" class=\"wpcf7-form-control wpcf7-text wpcf7-validates-as-required\" aria-required=\"true\" aria-invalid=\"false\" value=\"\" type=\"text\" name=\"your-subject\" \/><\/span> <\/label>\n<\/p>\n<p><label> Votre message (facultatif)<br \/>\n<span class=\"wpcf7-form-control-wrap\" data-name=\"your-message\"><textarea cols=\"40\" rows=\"10\" maxlength=\"2000\" class=\"wpcf7-form-control wpcf7-textarea\" aria-invalid=\"false\" name=\"your-message\"><\/textarea><\/span> <\/label>\n<\/p>\n<p><input class=\"wpcf7-form-control wpcf7-submit has-spinner\" type=\"submit\" value=\"Envoyer\" \/>\n<\/p><div class=\"wpcf7-response-output\" aria-hidden=\"true\"><\/div>\n<\/form>\n<\/div>\n<\/div>\n<\/div>\n<\/div>\n\n\n\n<h2 class=\"wp-block-heading\">Acc\u00e9der \u00e0 nos centres<\/h2>\n\n\n\n<h3 class=\"wp-block-heading\">Notre site de Ch\u00ean\u00e9e:<\/h3>\n\n\n\n<p>Rue de Gaillarmont 486 &#8211; 4032 &#8211; Ch\u00ean\u00e9e<\/p>\n\n\n\n<figure class=\"wp-block-image size-large\"><img loading=\"lazy\" decoding=\"async\" width=\"1024\" height=\"392\" src=\"https:\/\/kineperform.be\/wp-content\/uploads\/2023\/09\/kin-perform-gaillardmond-1024x392.png\" alt=\"\" class=\"wp-image-18\" srcset=\"https:\/\/kineperform.be\/wp-content\/uploads\/2023\/09\/kin-perform-gaillardmond-1024x392.png 1024w, https:\/\/kineperform.be\/wp-content\/uploads\/2023\/09\/kin-perform-gaillardmond-300x115.png 300w, https:\/\/kineperform.be\/wp-content\/uploads\/2023\/09\/kin-perform-gaillardmond-768x294.png 768w, https:\/\/kineperform.be\/wp-content\/uploads\/2023\/09\/kin-perform-gaillardmond.png 1073w\" sizes=\"auto, (max-width: 1024px) 100vw, 1024px\" \/><\/figure>\n\n\n\n<h3 class=\"wp-block-heading\">Notre site de Fl\u00e9ron<\/h3>\n\n\n\n<p>Rue de Roms\u00e9e 47 &#8211; 4620 &#8211; Fl\u00e9ron<\/p>\n\n\n\n<figure class=\"wp-block-image size-large\"><img loading=\"lazy\" decoding=\"async\" width=\"1024\" height=\"382\" src=\"https:\/\/kineperform.be\/wp-content\/uploads\/2023\/09\/kin-perfrom-rue-de-romsee-1024x382.png\" alt=\"\" class=\"wp-image-20\" srcset=\"https:\/\/kineperform.be\/wp-content\/uploads\/2023\/09\/kin-perfrom-rue-de-romsee-1024x382.png 1024w, https:\/\/kineperform.be\/wp-content\/uploads\/2023\/09\/kin-perfrom-rue-de-romsee-300x112.png 300w, https:\/\/kineperform.be\/wp-content\/uploads\/2023\/09\/kin-perfrom-rue-de-romsee-768x286.png 768w, https:\/\/kineperform.be\/wp-content\/uploads\/2023\/09\/kin-perfrom-rue-de-romsee.png 1051w\" sizes=\"auto, (max-width: 1024px) 100vw, 1024px\" \/><\/figure>\n","protected":false},"excerpt":{"rendered":"<p>Demandez votre rendez-vous email: info@kineperform.be Acc\u00e9der \u00e0 nos centres Notre site de Ch\u00ean\u00e9e: Rue de Gaillarmont 486 &#8211; 4032 &#8211; Ch\u00ean\u00e9e Notre site de Fl\u00e9ron Rue de Roms\u00e9e 47 &#8211; 4620 &#8211; Fl\u00e9ron<\/p>\n","protected":false},"author":1,"featured_media":0,"parent":0,"menu_order":0,"comment_status":"closed","ping_status":"closed","template":"","meta":{"footnotes":""},"class_list":["post-11","page","type-page","status-publish","czr-hentry"],"yoast_head":"<!-- This site is optimized with the Yoast SEO plugin v27.5 - https:\/\/yoast.com\/product\/yoast-seo-wordpress\/ -->\n<title>Contacts - KIN &amp; Perform<\/title>\n<meta name=\"robots\" content=\"index, follow, max-snippet:-1, max-image-preview:large, max-video-preview:-1\" \/>\n<link rel=\"canonical\" href=\"https:\/\/kineperform.be\/index.php\/contacts\/\" \/>\n<meta property=\"og:locale\" content=\"en_US\" \/>\n<meta property=\"og:type\" content=\"article\" \/>\n<meta property=\"og:title\" content=\"Contacts - KIN &amp; Perform\" \/>\n<meta property=\"og:description\" content=\"Demandez votre rendez-vous email: info@kineperform.be Acc\u00e9der \u00e0 nos centres Notre site de Ch\u00ean\u00e9e: Rue de Gaillarmont 486 &#8211; 4032 &#8211; Ch\u00ean\u00e9e Notre site de Fl\u00e9ron Rue de Roms\u00e9e 47 &#8211; 4620 &#8211; Fl\u00e9ron\" \/>\n<meta property=\"og:url\" content=\"https:\/\/kineperform.be\/index.php\/contacts\/\" \/>\n<meta property=\"og:site_name\" content=\"KIN &amp; Perform\" \/>\n<meta property=\"article:modified_time\" content=\"2025-09-09T17:11:19+00:00\" \/>\n<meta property=\"og:image\" content=\"https:\/\/kineperform.be\/wp-content\/uploads\/2023\/09\/kin-perform-gaillardmond.png\" \/>\n\t<meta property=\"og:image:width\" content=\"1073\" \/>\n\t<meta property=\"og:image:height\" content=\"411\" \/>\n\t<meta property=\"og:image:type\" content=\"image\/png\" \/>\n<meta name=\"twitter:card\" content=\"summary_large_image\" \/>\n<meta name=\"twitter:label1\" content=\"Est. reading time\" \/>\n\t<meta name=\"twitter:data1\" content=\"1 minute\" \/>\n<script type=\"application\/ld+json\" class=\"yoast-schema-graph\">{\"@context\":\"https:\\\/\\\/schema.org\",\"@graph\":[{\"@type\":\"WebPage\",\"@id\":\"https:\\\/\\\/kineperform.be\\\/index.php\\\/contacts\\\/\",\"url\":\"https:\\\/\\\/kineperform.be\\\/index.php\\\/contacts\\\/\",\"name\":\"Contacts - KIN &amp; Perform\",\"isPartOf\":{\"@id\":\"https:\\\/\\\/kineperform.be\\\/#website\"},\"primaryImageOfPage\":{\"@id\":\"https:\\\/\\\/kineperform.be\\\/index.php\\\/contacts\\\/#primaryimage\"},\"image\":{\"@id\":\"https:\\\/\\\/kineperform.be\\\/index.php\\\/contacts\\\/#primaryimage\"},\"thumbnailUrl\":\"https:\\\/\\\/kineperform.be\\\/wp-content\\\/uploads\\\/2023\\\/09\\\/kin-perform-gaillardmond-1024x392.png\",\"datePublished\":\"2023-09-14T14:47:17+00:00\",\"dateModified\":\"2025-09-09T17:11:19+00:00\",\"breadcrumb\":{\"@id\":\"https:\\\/\\\/kineperform.be\\\/index.php\\\/contacts\\\/#breadcrumb\"},\"inLanguage\":\"en-US\",\"potentialAction\":[{\"@type\":\"ReadAction\",\"target\":[\"https:\\\/\\\/kineperform.be\\\/index.php\\\/contacts\\\/\"]}]},{\"@type\":\"ImageObject\",\"inLanguage\":\"en-US\",\"@id\":\"https:\\\/\\\/kineperform.be\\\/index.php\\\/contacts\\\/#primaryimage\",\"url\":\"https:\\\/\\\/kineperform.be\\\/wp-content\\\/uploads\\\/2023\\\/09\\\/kin-perform-gaillardmond-1024x392.png\",\"contentUrl\":\"https:\\\/\\\/kineperform.be\\\/wp-content\\\/uploads\\\/2023\\\/09\\\/kin-perform-gaillardmond-1024x392.png\"},{\"@type\":\"BreadcrumbList\",\"@id\":\"https:\\\/\\\/kineperform.be\\\/index.php\\\/contacts\\\/#breadcrumb\",\"itemListElement\":[{\"@type\":\"ListItem\",\"position\":1,\"name\":\"Accueil\",\"item\":\"https:\\\/\\\/kineperform.be\\\/\"},{\"@type\":\"ListItem\",\"position\":2,\"name\":\"Contacts\"}]},{\"@type\":\"WebSite\",\"@id\":\"https:\\\/\\\/kineperform.be\\\/#website\",\"url\":\"https:\\\/\\\/kineperform.be\\\/\",\"name\":\"KIN & Perform\",\"description\":\"\",\"publisher\":{\"@id\":\"https:\\\/\\\/kineperform.be\\\/#organization\"},\"potentialAction\":[{\"@type\":\"SearchAction\",\"target\":{\"@type\":\"EntryPoint\",\"urlTemplate\":\"https:\\\/\\\/kineperform.be\\\/?s={search_term_string}\"},\"query-input\":{\"@type\":\"PropertyValueSpecification\",\"valueRequired\":true,\"valueName\":\"search_term_string\"}}],\"inLanguage\":\"en-US\"},{\"@type\":\"Organization\",\"@id\":\"https:\\\/\\\/kineperform.be\\\/#organization\",\"name\":\"KIN & Perform\",\"url\":\"https:\\\/\\\/kineperform.be\\\/\",\"logo\":{\"@type\":\"ImageObject\",\"inLanguage\":\"en-US\",\"@id\":\"https:\\\/\\\/kineperform.be\\\/#\\\/schema\\\/logo\\\/image\\\/\",\"url\":\"https:\\\/\\\/kineperform.be\\\/wp-content\\\/uploads\\\/2023\\\/09\\\/Logotype_Kineperform_Fond-Noir-25060.png\",\"contentUrl\":\"https:\\\/\\\/kineperform.be\\\/wp-content\\\/uploads\\\/2023\\\/09\\\/Logotype_Kineperform_Fond-Noir-25060.png\",\"width\":250,\"height\":63,\"caption\":\"KIN & Perform\"},\"image\":{\"@id\":\"https:\\\/\\\/kineperform.be\\\/#\\\/schema\\\/logo\\\/image\\\/\"}}]}<\/script>\n<!-- \/ Yoast SEO plugin. -->","yoast_head_json":{"title":"Contacts - KIN &amp; Perform","robots":{"index":"index","follow":"follow","max-snippet":"max-snippet:-1","max-image-preview":"max-image-preview:large","max-video-preview":"max-video-preview:-1"},"canonical":"https:\/\/kineperform.be\/index.php\/contacts\/","og_locale":"en_US","og_type":"article","og_title":"Contacts - KIN &amp; Perform","og_description":"Demandez votre rendez-vous email: info@kineperform.be Acc\u00e9der \u00e0 nos centres Notre site de Ch\u00ean\u00e9e: Rue de Gaillarmont 486 &#8211; 4032 &#8211; Ch\u00ean\u00e9e Notre site de Fl\u00e9ron Rue de Roms\u00e9e 47 &#8211; 4620 &#8211; Fl\u00e9ron","og_url":"https:\/\/kineperform.be\/index.php\/contacts\/","og_site_name":"KIN &amp; Perform","article_modified_time":"2025-09-09T17:11:19+00:00","og_image":[{"width":1073,"height":411,"url":"https:\/\/kineperform.be\/wp-content\/uploads\/2023\/09\/kin-perform-gaillardmond.png","type":"image\/png"}],"twitter_card":"summary_large_image","twitter_misc":{"Est. reading time":"1 minute"},"schema":{"@context":"https:\/\/schema.org","@graph":[{"@type":"WebPage","@id":"https:\/\/kineperform.be\/index.php\/contacts\/","url":"https:\/\/kineperform.be\/index.php\/contacts\/","name":"Contacts - KIN &amp; Perform","isPartOf":{"@id":"https:\/\/kineperform.be\/#website"},"primaryImageOfPage":{"@id":"https:\/\/kineperform.be\/index.php\/contacts\/#primaryimage"},"image":{"@id":"https:\/\/kineperform.be\/index.php\/contacts\/#primaryimage"},"thumbnailUrl":"https:\/\/kineperform.be\/wp-content\/uploads\/2023\/09\/kin-perform-gaillardmond-1024x392.png","datePublished":"2023-09-14T14:47:17+00:00","dateModified":"2025-09-09T17:11:19+00:00","breadcrumb":{"@id":"https:\/\/kineperform.be\/index.php\/contacts\/#breadcrumb"},"inLanguage":"en-US","potentialAction":[{"@type":"ReadAction","target":["https:\/\/kineperform.be\/index.php\/contacts\/"]}]},{"@type":"ImageObject","inLanguage":"en-US","@id":"https:\/\/kineperform.be\/index.php\/contacts\/#primaryimage","url":"https:\/\/kineperform.be\/wp-content\/uploads\/2023\/09\/kin-perform-gaillardmond-1024x392.png","contentUrl":"https:\/\/kineperform.be\/wp-content\/uploads\/2023\/09\/kin-perform-gaillardmond-1024x392.png"},{"@type":"BreadcrumbList","@id":"https:\/\/kineperform.be\/index.php\/contacts\/#breadcrumb","itemListElement":[{"@type":"ListItem","position":1,"name":"Accueil","item":"https:\/\/kineperform.be\/"},{"@type":"ListItem","position":2,"name":"Contacts"}]},{"@type":"WebSite","@id":"https:\/\/kineperform.be\/#website","url":"https:\/\/kineperform.be\/","name":"KIN & Perform","description":"","publisher":{"@id":"https:\/\/kineperform.be\/#organization"},"potentialAction":[{"@type":"SearchAction","target":{"@type":"EntryPoint","urlTemplate":"https:\/\/kineperform.be\/?s={search_term_string}"},"query-input":{"@type":"PropertyValueSpecification","valueRequired":true,"valueName":"search_term_string"}}],"inLanguage":"en-US"},{"@type":"Organization","@id":"https:\/\/kineperform.be\/#organization","name":"KIN & Perform","url":"https:\/\/kineperform.be\/","logo":{"@type":"ImageObject","inLanguage":"en-US","@id":"https:\/\/kineperform.be\/#\/schema\/logo\/image\/","url":"https:\/\/kineperform.be\/wp-content\/uploads\/2023\/09\/Logotype_Kineperform_Fond-Noir-25060.png","contentUrl":"https:\/\/kineperform.be\/wp-content\/uploads\/2023\/09\/Logotype_Kineperform_Fond-Noir-25060.png","width":250,"height":63,"caption":"KIN & Perform"},"image":{"@id":"https:\/\/kineperform.be\/#\/schema\/logo\/image\/"}}]}},"_links":{"self":[{"href":"https:\/\/kineperform.be\/index.php\/wp-json\/wp\/v2\/pages\/11","targetHints":{"allow":["GET"]}}],"collection":[{"href":"https:\/\/kineperform.be\/index.php\/wp-json\/wp\/v2\/pages"}],"about":[{"href":"https:\/\/kineperform.be\/index.php\/wp-json\/wp\/v2\/types\/page"}],"author":[{"embeddable":true,"href":"https:\/\/kineperform.be\/index.php\/wp-json\/wp\/v2\/users\/1"}],"replies":[{"embeddable":true,"href":"https:\/\/kineperform.be\/index.php\/wp-json\/wp\/v2\/comments?post=11"}],"version-history":[{"count":5,"href":"https:\/\/kineperform.be\/index.php\/wp-json\/wp\/v2\/pages\/11\/revisions"}],"predecessor-version":[{"id":157,"href":"https:\/\/kineperform.be\/index.php\/wp-json\/wp\/v2\/pages\/11\/revisions\/157"}],"wp:attachment":[{"href":"https:\/\/kineperform.be\/index.php\/wp-json\/wp\/v2\/media?parent=11"}],"curies":[{"name":"wp","href":"https:\/\/api.w.org\/{rel}","templated":true}]}}