{"id":135,"date":"2025-01-29T09:29:17","date_gmt":"2025-01-29T08:29:17","guid":{"rendered":"https:\/\/kineperform.be\/?page_id=135"},"modified":"2025-01-29T09:29:54","modified_gmt":"2025-01-29T08:29:54","slug":"performance-et-testing","status":"publish","type":"page","link":"https:\/\/kineperform.be\/index.php\/performance-et-testing\/","title":{"rendered":"Performance et Testing"},"content":{"rendered":"\n<p><strong>Bienvenue dans votre centre de pr\u00e9paration physique : l\u2019excellence au service de votre performance<\/strong><\/p>\n\n\n\n<p>Dans notre centre, nous mettons tout en \u0153uvre pour vous accompagner dans vos objectifs sportifs, quel que soit votre niveau ou discipline. Ce qui fait notre diff\u00e9rence ?&nbsp;<strong>L\u2019expertise et la passion de nos \u00e9quipes<\/strong>. Chacun de nos professionnels est hautement qualifi\u00e9, avec une exp\u00e9rience solide et une attention particuli\u00e8re port\u00e9e \u00e0 vos besoins individuels. Nous ne nous contentons pas de vous accompagner : nous vous guidons, nous vous motivons, et surtout, nous nous adaptons \u00e0 vous.<\/p>\n\n\n\n<p>Notre centre est \u00e9galement \u00e9quip\u00e9 de&nbsp;<strong>mat\u00e9riel de pointe<\/strong>, soigneusement s\u00e9lectionn\u00e9 pour r\u00e9pondre aux exigences des athl\u00e8tes les plus ambitieux. Que ce soit pour d\u00e9velopper votre force, votre explosivit\u00e9 ou votre endurance, nous avons tout ce qu\u2019il faut pour optimiser vos performances dans les meilleures conditions possibles.<\/p>\n\n\n\n<p>Enfin, notre grande force r\u00e9side dans notre capacit\u00e9 \u00e0 proposer des&nbsp;<strong>testings sur mesure<\/strong>. Gr\u00e2ce \u00e0 une approche scientifique et personnalis\u00e9e, nous \u00e9valuons pr\u00e9cis\u00e9ment vos capacit\u00e9s physiques, identifions vos axes d\u2019am\u00e9lioration, et concevons des programmes parfaitement adapt\u00e9s \u00e0 votre profil. Que vous soyez un athl\u00e8te en qu\u00eate de perfectionnement ou une personne souhaitant se remettre en forme, nous b\u00e2tissons des solutions uniques pour atteindre vos objectifs.<\/p>\n\n\n\n<p>Faites le choix d\u2019un centre o\u00f9 la qualit\u00e9, la pr\u00e9cision et l\u2019humain sont au c\u0153ur de votre r\u00e9ussite. Venez d\u00e9couvrir l\u2019exp\u00e9rience d\u2019un accompagnement sur mesure et repoussez vos limites avec nous.<\/p>\n\n\n\n<p><strong>Votre performance, notre priorit\u00e9.<\/strong><\/p>\n\n\n\n<h3 class=\"wp-block-heading\">Coordonn\u00e9es responsables performance et testing<\/h3>\n\n\n\n<ul class=\"wp-block-list\">\n<li>Valentin De Jaeger  0472 94 61 31<\/li>\n\n\n\n<li>Tristan Fedrigo. 0478 69 28 91<\/li>\n\n\n\n<li>Thibaut Stoffels 0498 35 35 64<\/li>\n<\/ul>\n\n\n\n<p><strong>Responsable des centres Kin&amp;Perform<\/strong><\/p>\n\n\n\n<p><strong>Pr\u00e9parateur physique ind\u00e9pendant\u00a0<\/strong><\/p>\n\n\n\n<p><\/p>\n","protected":false},"excerpt":{"rendered":"<p>Bienvenue dans votre centre de pr\u00e9paration physique : l\u2019excellence au service de votre performance Dans notre centre, nous mettons tout en \u0153uvre pour vous accompagner dans vos objectifs sportifs, quel que soit votre niveau ou discipline. Ce qui fait notre diff\u00e9rence ?&nbsp;L\u2019expertise et la passion de nos \u00e9quipes. Chacun de nos professionnels est hautement qualifi\u00e9, [&hellip;]<\/p>\n","protected":false},"author":1,"featured_media":0,"parent":0,"menu_order":0,"comment_status":"closed","ping_status":"closed","template":"","meta":{"footnotes":""},"class_list":["post-135","page","type-page","status-publish","czr-hentry"],"yoast_head":"<!-- This site is optimized with the Yoast SEO plugin v27.3 - https:\/\/yoast.com\/product\/yoast-seo-wordpress\/ -->\n<title>Performance et Testing - KIN &amp; Perform<\/title>\n<meta name=\"robots\" content=\"index, follow, max-snippet:-1, max-image-preview:large, max-video-preview:-1\" \/>\n<link rel=\"canonical\" href=\"https:\/\/kineperform.be\/index.php\/performance-et-testing\/\" \/>\n<meta property=\"og:locale\" content=\"en_US\" \/>\n<meta property=\"og:type\" content=\"article\" \/>\n<meta property=\"og:title\" content=\"Performance et Testing - KIN &amp; Perform\" \/>\n<meta property=\"og:description\" content=\"Bienvenue dans votre centre de pr\u00e9paration physique : l\u2019excellence au service de votre performance Dans notre centre, nous mettons tout en \u0153uvre pour vous accompagner dans vos objectifs sportifs, quel que soit votre niveau ou discipline. Ce qui fait notre diff\u00e9rence ?&nbsp;L\u2019expertise et la passion de nos \u00e9quipes. Chacun de nos professionnels est hautement qualifi\u00e9, [&hellip;]\" \/>\n<meta property=\"og:url\" content=\"https:\/\/kineperform.be\/index.php\/performance-et-testing\/\" \/>\n<meta property=\"og:site_name\" content=\"KIN &amp; Perform\" \/>\n<meta property=\"article:modified_time\" content=\"2025-01-29T08:29:54+00:00\" \/>\n<meta name=\"twitter:card\" content=\"summary_large_image\" \/>\n<meta name=\"twitter:label1\" content=\"Est. reading time\" \/>\n\t<meta name=\"twitter:data1\" content=\"2 minutes\" \/>\n<script type=\"application\/ld+json\" class=\"yoast-schema-graph\">{\"@context\":\"https:\\\/\\\/schema.org\",\"@graph\":[{\"@type\":\"WebPage\",\"@id\":\"https:\\\/\\\/kineperform.be\\\/index.php\\\/performance-et-testing\\\/\",\"url\":\"https:\\\/\\\/kineperform.be\\\/index.php\\\/performance-et-testing\\\/\",\"name\":\"Performance et Testing - KIN &amp; Perform\",\"isPartOf\":{\"@id\":\"https:\\\/\\\/kineperform.be\\\/#website\"},\"datePublished\":\"2025-01-29T08:29:17+00:00\",\"dateModified\":\"2025-01-29T08:29:54+00:00\",\"breadcrumb\":{\"@id\":\"https:\\\/\\\/kineperform.be\\\/index.php\\\/performance-et-testing\\\/#breadcrumb\"},\"inLanguage\":\"en-US\",\"potentialAction\":[{\"@type\":\"ReadAction\",\"target\":[\"https:\\\/\\\/kineperform.be\\\/index.php\\\/performance-et-testing\\\/\"]}]},{\"@type\":\"BreadcrumbList\",\"@id\":\"https:\\\/\\\/kineperform.be\\\/index.php\\\/performance-et-testing\\\/#breadcrumb\",\"itemListElement\":[{\"@type\":\"ListItem\",\"position\":1,\"name\":\"Accueil\",\"item\":\"https:\\\/\\\/kineperform.be\\\/\"},{\"@type\":\"ListItem\",\"position\":2,\"name\":\"Performance et Testing\"}]},{\"@type\":\"WebSite\",\"@id\":\"https:\\\/\\\/kineperform.be\\\/#website\",\"url\":\"https:\\\/\\\/kineperform.be\\\/\",\"name\":\"KIN & Perform\",\"description\":\"\",\"publisher\":{\"@id\":\"https:\\\/\\\/kineperform.be\\\/#organization\"},\"potentialAction\":[{\"@type\":\"SearchAction\",\"target\":{\"@type\":\"EntryPoint\",\"urlTemplate\":\"https:\\\/\\\/kineperform.be\\\/?s={search_term_string}\"},\"query-input\":{\"@type\":\"PropertyValueSpecification\",\"valueRequired\":true,\"valueName\":\"search_term_string\"}}],\"inLanguage\":\"en-US\"},{\"@type\":\"Organization\",\"@id\":\"https:\\\/\\\/kineperform.be\\\/#organization\",\"name\":\"KIN & Perform\",\"url\":\"https:\\\/\\\/kineperform.be\\\/\",\"logo\":{\"@type\":\"ImageObject\",\"inLanguage\":\"en-US\",\"@id\":\"https:\\\/\\\/kineperform.be\\\/#\\\/schema\\\/logo\\\/image\\\/\",\"url\":\"https:\\\/\\\/kineperform.be\\\/wp-content\\\/uploads\\\/2023\\\/09\\\/Logotype_Kineperform_Fond-Noir-25060.png\",\"contentUrl\":\"https:\\\/\\\/kineperform.be\\\/wp-content\\\/uploads\\\/2023\\\/09\\\/Logotype_Kineperform_Fond-Noir-25060.png\",\"width\":250,\"height\":63,\"caption\":\"KIN & Perform\"},\"image\":{\"@id\":\"https:\\\/\\\/kineperform.be\\\/#\\\/schema\\\/logo\\\/image\\\/\"}}]}<\/script>\n<!-- \/ Yoast SEO plugin. -->","yoast_head_json":{"title":"Performance et Testing - KIN &amp; Perform","robots":{"index":"index","follow":"follow","max-snippet":"max-snippet:-1","max-image-preview":"max-image-preview:large","max-video-preview":"max-video-preview:-1"},"canonical":"https:\/\/kineperform.be\/index.php\/performance-et-testing\/","og_locale":"en_US","og_type":"article","og_title":"Performance et Testing - KIN &amp; Perform","og_description":"Bienvenue dans votre centre de pr\u00e9paration physique : l\u2019excellence au service de votre performance Dans notre centre, nous mettons tout en \u0153uvre pour vous accompagner dans vos objectifs sportifs, quel que soit votre niveau ou discipline. Ce qui fait notre diff\u00e9rence ?&nbsp;L\u2019expertise et la passion de nos \u00e9quipes. Chacun de nos professionnels est hautement qualifi\u00e9, [&hellip;]","og_url":"https:\/\/kineperform.be\/index.php\/performance-et-testing\/","og_site_name":"KIN &amp; Perform","article_modified_time":"2025-01-29T08:29:54+00:00","twitter_card":"summary_large_image","twitter_misc":{"Est. reading time":"2 minutes"},"schema":{"@context":"https:\/\/schema.org","@graph":[{"@type":"WebPage","@id":"https:\/\/kineperform.be\/index.php\/performance-et-testing\/","url":"https:\/\/kineperform.be\/index.php\/performance-et-testing\/","name":"Performance et Testing - KIN &amp; Perform","isPartOf":{"@id":"https:\/\/kineperform.be\/#website"},"datePublished":"2025-01-29T08:29:17+00:00","dateModified":"2025-01-29T08:29:54+00:00","breadcrumb":{"@id":"https:\/\/kineperform.be\/index.php\/performance-et-testing\/#breadcrumb"},"inLanguage":"en-US","potentialAction":[{"@type":"ReadAction","target":["https:\/\/kineperform.be\/index.php\/performance-et-testing\/"]}]},{"@type":"BreadcrumbList","@id":"https:\/\/kineperform.be\/index.php\/performance-et-testing\/#breadcrumb","itemListElement":[{"@type":"ListItem","position":1,"name":"Accueil","item":"https:\/\/kineperform.be\/"},{"@type":"ListItem","position":2,"name":"Performance et Testing"}]},{"@type":"WebSite","@id":"https:\/\/kineperform.be\/#website","url":"https:\/\/kineperform.be\/","name":"KIN & Perform","description":"","publisher":{"@id":"https:\/\/kineperform.be\/#organization"},"potentialAction":[{"@type":"SearchAction","target":{"@type":"EntryPoint","urlTemplate":"https:\/\/kineperform.be\/?s={search_term_string}"},"query-input":{"@type":"PropertyValueSpecification","valueRequired":true,"valueName":"search_term_string"}}],"inLanguage":"en-US"},{"@type":"Organization","@id":"https:\/\/kineperform.be\/#organization","name":"KIN & Perform","url":"https:\/\/kineperform.be\/","logo":{"@type":"ImageObject","inLanguage":"en-US","@id":"https:\/\/kineperform.be\/#\/schema\/logo\/image\/","url":"https:\/\/kineperform.be\/wp-content\/uploads\/2023\/09\/Logotype_Kineperform_Fond-Noir-25060.png","contentUrl":"https:\/\/kineperform.be\/wp-content\/uploads\/2023\/09\/Logotype_Kineperform_Fond-Noir-25060.png","width":250,"height":63,"caption":"KIN & Perform"},"image":{"@id":"https:\/\/kineperform.be\/#\/schema\/logo\/image\/"}}]}},"_links":{"self":[{"href":"https:\/\/kineperform.be\/index.php\/wp-json\/wp\/v2\/pages\/135","targetHints":{"allow":["GET"]}}],"collection":[{"href":"https:\/\/kineperform.be\/index.php\/wp-json\/wp\/v2\/pages"}],"about":[{"href":"https:\/\/kineperform.be\/index.php\/wp-json\/wp\/v2\/types\/page"}],"author":[{"embeddable":true,"href":"https:\/\/kineperform.be\/index.php\/wp-json\/wp\/v2\/users\/1"}],"replies":[{"embeddable":true,"href":"https:\/\/kineperform.be\/index.php\/wp-json\/wp\/v2\/comments?post=135"}],"version-history":[{"count":2,"href":"https:\/\/kineperform.be\/index.php\/wp-json\/wp\/v2\/pages\/135\/revisions"}],"predecessor-version":[{"id":137,"href":"https:\/\/kineperform.be\/index.php\/wp-json\/wp\/v2\/pages\/135\/revisions\/137"}],"wp:attachment":[{"href":"https:\/\/kineperform.be\/index.php\/wp-json\/wp\/v2\/media?parent=135"}],"curies":[{"name":"wp","href":"https:\/\/api.w.org\/{rel}","templated":true}]}}