{"id":56,"date":"2023-09-22T16:20:56","date_gmt":"2023-09-22T14:20:56","guid":{"rendered":"https:\/\/kineperform.be\/?page_id=56"},"modified":"2023-09-30T15:23:07","modified_gmt":"2023-09-30T13:23:07","slug":"nos-centres","status":"publish","type":"page","link":"https:\/\/kineperform.be\/index.php\/nos-centres\/","title":{"rendered":"Nos centres"},"content":{"rendered":"\n<h2 class=\"wp-block-heading\">Fl\u00e9ron<\/h2>\n\n\n\n<p>Entre travail sur table en cabinet priv\u00e9 et r\u00e9\u00e9ducation sportive dans une salle commune de plus de 150m2, la prise en main se fait dans des conditions optimales de la premi\u00e8re \u00e0 la derni\u00e8re s\u00e9ance. Le centre jouit de mat\u00e9riel de qualit\u00e9 \u00e0 la pointe des traitements actuels. En plus de l\u2019espace fonctionnel, le centre jouit \u00e9galement de 3 cabinets de kin\u00e9sith\u00e9rapie, un cabinet m\u00e9dical, une douche privative, un WC et une spacieuse salle d\u2019attente. Tout y est r\u00e9uni afin de vous proposer un accompagnement sur-mesure en fonction de votre pathologie ou vos objectifs sportifs.<\/p>\n\n\n\n<div class=\"wp-block-columns is-layout-flex wp-container-core-columns-is-layout-9d6595d7 wp-block-columns-is-layout-flex\">\n<div class=\"wp-block-column is-layout-flow wp-block-column-is-layout-flow\">\n<figure class=\"wp-block-image size-large\"><img loading=\"lazy\" decoding=\"async\" width=\"632\" height=\"1024\" src=\"http:\/\/kineperform.be\/wp-content\/uploads\/2023\/09\/IMG_5649-632x1024.jpg\" alt=\"\" class=\"wp-image-65\" srcset=\"https:\/\/kineperform.be\/wp-content\/uploads\/2023\/09\/IMG_5649-632x1024.jpg 632w, https:\/\/kineperform.be\/wp-content\/uploads\/2023\/09\/IMG_5649-185x300.jpg 185w, https:\/\/kineperform.be\/wp-content\/uploads\/2023\/09\/IMG_5649-768x1244.jpg 768w, https:\/\/kineperform.be\/wp-content\/uploads\/2023\/09\/IMG_5649-949x1536.jpg 949w, https:\/\/kineperform.be\/wp-content\/uploads\/2023\/09\/IMG_5649-1265x2048.jpg 1265w, https:\/\/kineperform.be\/wp-content\/uploads\/2023\/09\/IMG_5649-scaled.jpg 1581w\" sizes=\"auto, (max-width: 632px) 100vw, 632px\" \/><\/figure>\n<\/div>\n\n\n\n<div class=\"wp-block-column is-layout-flow wp-block-column-is-layout-flow\">\n<figure class=\"wp-block-image size-large is-resized\"><img loading=\"lazy\" decoding=\"async\" src=\"http:\/\/kineperform.be\/wp-content\/uploads\/2023\/09\/A693DED9-FF52-47B8-A0FA-036F3B6A96CA-746x1024.jpg\" alt=\"\" class=\"wp-image-70\" style=\"width:448px;height:615px\" width=\"448\" height=\"615\" srcset=\"https:\/\/kineperform.be\/wp-content\/uploads\/2023\/09\/A693DED9-FF52-47B8-A0FA-036F3B6A96CA-746x1024.jpg 746w, https:\/\/kineperform.be\/wp-content\/uploads\/2023\/09\/A693DED9-FF52-47B8-A0FA-036F3B6A96CA-218x300.jpg 218w, https:\/\/kineperform.be\/wp-content\/uploads\/2023\/09\/A693DED9-FF52-47B8-A0FA-036F3B6A96CA-768x1054.jpg 768w, https:\/\/kineperform.be\/wp-content\/uploads\/2023\/09\/A693DED9-FF52-47B8-A0FA-036F3B6A96CA-1119x1536.jpg 1119w, https:\/\/kineperform.be\/wp-content\/uploads\/2023\/09\/A693DED9-FF52-47B8-A0FA-036F3B6A96CA-1492x2048.jpg 1492w, https:\/\/kineperform.be\/wp-content\/uploads\/2023\/09\/A693DED9-FF52-47B8-A0FA-036F3B6A96CA-scaled.jpg 1864w\" sizes=\"auto, (max-width: 448px) 100vw, 448px\" \/><\/figure>\n<\/div>\n<\/div>\n\n\n\n<h2 class=\"wp-block-heading\">Ch\u00ean\u00e9e<\/h2>\n\n\n\n<p>Entre travail sur table en cabinet priv\u00e9 et r\u00e9\u00e9ducation sportive dans une salle commune de plus de 50m2, la prise en main se fait dans des conditions optimales de la premi\u00e8re \u00e0 la derni\u00e8re s\u00e9ance. Le centre jouit de mat\u00e9riel de qualit\u00e9 \u00e0 la pointe des traitements actuels. De plus le centre jouit d\u2019un espace ext\u00e9rieur de plus de 50m2 \u00e9galement. Tout y est r\u00e9uni afin de vous proposer un accompagnement sur-mesure en fonction de votre pathologie ou vos objectifs sportifs.<\/p>\n\n\n\n<div class=\"wp-block-columns is-layout-flex wp-container-core-columns-is-layout-9d6595d7 wp-block-columns-is-layout-flex\">\n<div class=\"wp-block-column is-layout-flow wp-block-column-is-layout-flow\">\n<figure class=\"wp-block-image size-large\"><img loading=\"lazy\" decoding=\"async\" width=\"1024\" height=\"844\" src=\"http:\/\/kineperform.be\/wp-content\/uploads\/2023\/09\/IMG_4809-1024x844.jpg\" alt=\"\" class=\"wp-image-115\" srcset=\"https:\/\/kineperform.be\/wp-content\/uploads\/2023\/09\/IMG_4809-1024x844.jpg 1024w, https:\/\/kineperform.be\/wp-content\/uploads\/2023\/09\/IMG_4809-300x247.jpg 300w, https:\/\/kineperform.be\/wp-content\/uploads\/2023\/09\/IMG_4809-768x633.jpg 768w, https:\/\/kineperform.be\/wp-content\/uploads\/2023\/09\/IMG_4809-1536x1266.jpg 1536w, https:\/\/kineperform.be\/wp-content\/uploads\/2023\/09\/IMG_4809-2048x1688.jpg 2048w\" sizes=\"auto, (max-width: 1024px) 100vw, 1024px\" \/><\/figure>\n<\/div>\n\n\n\n<div class=\"wp-block-column is-layout-flow wp-block-column-is-layout-flow\"><\/div>\n<\/div>\n","protected":false},"excerpt":{"rendered":"<p>Fl\u00e9ron Entre travail sur table en cabinet priv\u00e9 et r\u00e9\u00e9ducation sportive dans une salle commune de plus de 150m2, la prise en main se fait dans des conditions optimales de la premi\u00e8re \u00e0 la derni\u00e8re s\u00e9ance. Le centre jouit de mat\u00e9riel de qualit\u00e9 \u00e0 la pointe des traitements actuels. En plus de l\u2019espace fonctionnel, le [&hellip;]<\/p>\n","protected":false},"author":1,"featured_media":68,"parent":0,"menu_order":0,"comment_status":"closed","ping_status":"closed","template":"","meta":{"footnotes":""},"class_list":["post-56","page","type-page","status-publish","has-post-thumbnail","czr-hentry"],"yoast_head":"<!-- This site is optimized with the Yoast SEO plugin v27.3 - https:\/\/yoast.com\/product\/yoast-seo-wordpress\/ -->\n<title>Nos centres - KIN &amp; Perform<\/title>\n<meta name=\"robots\" content=\"index, follow, max-snippet:-1, max-image-preview:large, max-video-preview:-1\" \/>\n<link rel=\"canonical\" href=\"https:\/\/kineperform.be\/index.php\/nos-centres\/\" \/>\n<meta property=\"og:locale\" content=\"en_US\" \/>\n<meta property=\"og:type\" content=\"article\" \/>\n<meta property=\"og:title\" content=\"Nos centres - KIN &amp; Perform\" \/>\n<meta property=\"og:description\" content=\"Fl\u00e9ron Entre travail sur table en cabinet priv\u00e9 et r\u00e9\u00e9ducation sportive dans une salle commune de plus de 150m2, la prise en main se fait dans des conditions optimales de la premi\u00e8re \u00e0 la derni\u00e8re s\u00e9ance. Le centre jouit de mat\u00e9riel de qualit\u00e9 \u00e0 la pointe des traitements actuels. En plus de l\u2019espace fonctionnel, le [&hellip;]\" \/>\n<meta property=\"og:url\" content=\"https:\/\/kineperform.be\/index.php\/nos-centres\/\" \/>\n<meta property=\"og:site_name\" content=\"KIN &amp; Perform\" \/>\n<meta property=\"article:modified_time\" content=\"2023-09-30T13:23:07+00:00\" \/>\n<meta property=\"og:image\" content=\"http:\/\/kineperform.be\/wp-content\/uploads\/2023\/09\/IMG_5602-scaled.jpg\" \/>\n\t<meta property=\"og:image:width\" content=\"1920\" \/>\n\t<meta property=\"og:image:height\" content=\"2560\" \/>\n\t<meta property=\"og:image:type\" content=\"image\/jpeg\" \/>\n<meta name=\"twitter:card\" content=\"summary_large_image\" \/>\n<meta name=\"twitter:label1\" content=\"Est. reading time\" \/>\n\t<meta name=\"twitter:data1\" content=\"2 minutes\" \/>\n<script type=\"application\/ld+json\" class=\"yoast-schema-graph\">{\"@context\":\"https:\\\/\\\/schema.org\",\"@graph\":[{\"@type\":\"WebPage\",\"@id\":\"https:\\\/\\\/kineperform.be\\\/index.php\\\/nos-centres\\\/\",\"url\":\"https:\\\/\\\/kineperform.be\\\/index.php\\\/nos-centres\\\/\",\"name\":\"Nos centres - KIN &amp; Perform\",\"isPartOf\":{\"@id\":\"https:\\\/\\\/kineperform.be\\\/#website\"},\"primaryImageOfPage\":{\"@id\":\"https:\\\/\\\/kineperform.be\\\/index.php\\\/nos-centres\\\/#primaryimage\"},\"image\":{\"@id\":\"https:\\\/\\\/kineperform.be\\\/index.php\\\/nos-centres\\\/#primaryimage\"},\"thumbnailUrl\":\"https:\\\/\\\/kineperform.be\\\/wp-content\\\/uploads\\\/2023\\\/09\\\/IMG_5602-scaled.jpg\",\"datePublished\":\"2023-09-22T14:20:56+00:00\",\"dateModified\":\"2023-09-30T13:23:07+00:00\",\"breadcrumb\":{\"@id\":\"https:\\\/\\\/kineperform.be\\\/index.php\\\/nos-centres\\\/#breadcrumb\"},\"inLanguage\":\"en-US\",\"potentialAction\":[{\"@type\":\"ReadAction\",\"target\":[\"https:\\\/\\\/kineperform.be\\\/index.php\\\/nos-centres\\\/\"]}]},{\"@type\":\"ImageObject\",\"inLanguage\":\"en-US\",\"@id\":\"https:\\\/\\\/kineperform.be\\\/index.php\\\/nos-centres\\\/#primaryimage\",\"url\":\"https:\\\/\\\/kineperform.be\\\/wp-content\\\/uploads\\\/2023\\\/09\\\/IMG_5602-scaled.jpg\",\"contentUrl\":\"https:\\\/\\\/kineperform.be\\\/wp-content\\\/uploads\\\/2023\\\/09\\\/IMG_5602-scaled.jpg\",\"width\":1920,\"height\":2560},{\"@type\":\"BreadcrumbList\",\"@id\":\"https:\\\/\\\/kineperform.be\\\/index.php\\\/nos-centres\\\/#breadcrumb\",\"itemListElement\":[{\"@type\":\"ListItem\",\"position\":1,\"name\":\"Accueil\",\"item\":\"https:\\\/\\\/kineperform.be\\\/\"},{\"@type\":\"ListItem\",\"position\":2,\"name\":\"Nos centres\"}]},{\"@type\":\"WebSite\",\"@id\":\"https:\\\/\\\/kineperform.be\\\/#website\",\"url\":\"https:\\\/\\\/kineperform.be\\\/\",\"name\":\"KIN & Perform\",\"description\":\"\",\"publisher\":{\"@id\":\"https:\\\/\\\/kineperform.be\\\/#organization\"},\"potentialAction\":[{\"@type\":\"SearchAction\",\"target\":{\"@type\":\"EntryPoint\",\"urlTemplate\":\"https:\\\/\\\/kineperform.be\\\/?s={search_term_string}\"},\"query-input\":{\"@type\":\"PropertyValueSpecification\",\"valueRequired\":true,\"valueName\":\"search_term_string\"}}],\"inLanguage\":\"en-US\"},{\"@type\":\"Organization\",\"@id\":\"https:\\\/\\\/kineperform.be\\\/#organization\",\"name\":\"KIN & Perform\",\"url\":\"https:\\\/\\\/kineperform.be\\\/\",\"logo\":{\"@type\":\"ImageObject\",\"inLanguage\":\"en-US\",\"@id\":\"https:\\\/\\\/kineperform.be\\\/#\\\/schema\\\/logo\\\/image\\\/\",\"url\":\"https:\\\/\\\/kineperform.be\\\/wp-content\\\/uploads\\\/2023\\\/09\\\/Logotype_Kineperform_Fond-Noir-25060.png\",\"contentUrl\":\"https:\\\/\\\/kineperform.be\\\/wp-content\\\/uploads\\\/2023\\\/09\\\/Logotype_Kineperform_Fond-Noir-25060.png\",\"width\":250,\"height\":63,\"caption\":\"KIN & Perform\"},\"image\":{\"@id\":\"https:\\\/\\\/kineperform.be\\\/#\\\/schema\\\/logo\\\/image\\\/\"}}]}<\/script>\n<!-- \/ Yoast SEO plugin. -->","yoast_head_json":{"title":"Nos centres - KIN &amp; Perform","robots":{"index":"index","follow":"follow","max-snippet":"max-snippet:-1","max-image-preview":"max-image-preview:large","max-video-preview":"max-video-preview:-1"},"canonical":"https:\/\/kineperform.be\/index.php\/nos-centres\/","og_locale":"en_US","og_type":"article","og_title":"Nos centres - KIN &amp; Perform","og_description":"Fl\u00e9ron Entre travail sur table en cabinet priv\u00e9 et r\u00e9\u00e9ducation sportive dans une salle commune de plus de 150m2, la prise en main se fait dans des conditions optimales de la premi\u00e8re \u00e0 la derni\u00e8re s\u00e9ance. Le centre jouit de mat\u00e9riel de qualit\u00e9 \u00e0 la pointe des traitements actuels. En plus de l\u2019espace fonctionnel, le [&hellip;]","og_url":"https:\/\/kineperform.be\/index.php\/nos-centres\/","og_site_name":"KIN &amp; Perform","article_modified_time":"2023-09-30T13:23:07+00:00","og_image":[{"width":1920,"height":2560,"url":"http:\/\/kineperform.be\/wp-content\/uploads\/2023\/09\/IMG_5602-scaled.jpg","type":"image\/jpeg"}],"twitter_card":"summary_large_image","twitter_misc":{"Est. reading time":"2 minutes"},"schema":{"@context":"https:\/\/schema.org","@graph":[{"@type":"WebPage","@id":"https:\/\/kineperform.be\/index.php\/nos-centres\/","url":"https:\/\/kineperform.be\/index.php\/nos-centres\/","name":"Nos centres - KIN &amp; Perform","isPartOf":{"@id":"https:\/\/kineperform.be\/#website"},"primaryImageOfPage":{"@id":"https:\/\/kineperform.be\/index.php\/nos-centres\/#primaryimage"},"image":{"@id":"https:\/\/kineperform.be\/index.php\/nos-centres\/#primaryimage"},"thumbnailUrl":"https:\/\/kineperform.be\/wp-content\/uploads\/2023\/09\/IMG_5602-scaled.jpg","datePublished":"2023-09-22T14:20:56+00:00","dateModified":"2023-09-30T13:23:07+00:00","breadcrumb":{"@id":"https:\/\/kineperform.be\/index.php\/nos-centres\/#breadcrumb"},"inLanguage":"en-US","potentialAction":[{"@type":"ReadAction","target":["https:\/\/kineperform.be\/index.php\/nos-centres\/"]}]},{"@type":"ImageObject","inLanguage":"en-US","@id":"https:\/\/kineperform.be\/index.php\/nos-centres\/#primaryimage","url":"https:\/\/kineperform.be\/wp-content\/uploads\/2023\/09\/IMG_5602-scaled.jpg","contentUrl":"https:\/\/kineperform.be\/wp-content\/uploads\/2023\/09\/IMG_5602-scaled.jpg","width":1920,"height":2560},{"@type":"BreadcrumbList","@id":"https:\/\/kineperform.be\/index.php\/nos-centres\/#breadcrumb","itemListElement":[{"@type":"ListItem","position":1,"name":"Accueil","item":"https:\/\/kineperform.be\/"},{"@type":"ListItem","position":2,"name":"Nos centres"}]},{"@type":"WebSite","@id":"https:\/\/kineperform.be\/#website","url":"https:\/\/kineperform.be\/","name":"KIN & Perform","description":"","publisher":{"@id":"https:\/\/kineperform.be\/#organization"},"potentialAction":[{"@type":"SearchAction","target":{"@type":"EntryPoint","urlTemplate":"https:\/\/kineperform.be\/?s={search_term_string}"},"query-input":{"@type":"PropertyValueSpecification","valueRequired":true,"valueName":"search_term_string"}}],"inLanguage":"en-US"},{"@type":"Organization","@id":"https:\/\/kineperform.be\/#organization","name":"KIN & Perform","url":"https:\/\/kineperform.be\/","logo":{"@type":"ImageObject","inLanguage":"en-US","@id":"https:\/\/kineperform.be\/#\/schema\/logo\/image\/","url":"https:\/\/kineperform.be\/wp-content\/uploads\/2023\/09\/Logotype_Kineperform_Fond-Noir-25060.png","contentUrl":"https:\/\/kineperform.be\/wp-content\/uploads\/2023\/09\/Logotype_Kineperform_Fond-Noir-25060.png","width":250,"height":63,"caption":"KIN & Perform"},"image":{"@id":"https:\/\/kineperform.be\/#\/schema\/logo\/image\/"}}]}},"_links":{"self":[{"href":"https:\/\/kineperform.be\/index.php\/wp-json\/wp\/v2\/pages\/56","targetHints":{"allow":["GET"]}}],"collection":[{"href":"https:\/\/kineperform.be\/index.php\/wp-json\/wp\/v2\/pages"}],"about":[{"href":"https:\/\/kineperform.be\/index.php\/wp-json\/wp\/v2\/types\/page"}],"author":[{"embeddable":true,"href":"https:\/\/kineperform.be\/index.php\/wp-json\/wp\/v2\/users\/1"}],"replies":[{"embeddable":true,"href":"https:\/\/kineperform.be\/index.php\/wp-json\/wp\/v2\/comments?post=56"}],"version-history":[{"count":3,"href":"https:\/\/kineperform.be\/index.php\/wp-json\/wp\/v2\/pages\/56\/revisions"}],"predecessor-version":[{"id":119,"href":"https:\/\/kineperform.be\/index.php\/wp-json\/wp\/v2\/pages\/56\/revisions\/119"}],"wp:featuredmedia":[{"embeddable":true,"href":"https:\/\/kineperform.be\/index.php\/wp-json\/wp\/v2\/media\/68"}],"wp:attachment":[{"href":"https:\/\/kineperform.be\/index.php\/wp-json\/wp\/v2\/media?parent=56"}],"curies":[{"name":"wp","href":"https:\/\/api.w.org\/{rel}","templated":true}]}}