{"id":9,"date":"2023-09-14T16:47:01","date_gmt":"2023-09-14T14:47:01","guid":{"rendered":"https:\/\/kineperform.be\/?page_id=9"},"modified":"2025-01-29T09:26:44","modified_gmt":"2025-01-29T08:26:44","slug":"equipe-centres","status":"publish","type":"page","link":"https:\/\/kineperform.be\/index.php\/equipe-centres\/","title":{"rendered":"Equipes"},"content":{"rendered":"\n<blockquote class=\"wp-block-quote is-layout-flow wp-block-quote-is-layout-flow\">\n<p>2 centres, 2 \u00e9quipes, une seule philosophie partag\u00e9e&nbsp;: bouger pour votre sant\u00e9&nbsp;!<\/p>\n<\/blockquote>\n\n\n\n<p>La richesse de notre enseigne r\u00e9side dans les personnes qui la compose. Leur vision des choses, leur mani\u00e8re de travailler ou encore de partager et communiquer entre elles. Chez <a href=\"https:\/\/www.facebook.com\/profile.php?id=100032094651973&amp;__cft__%5B0%5D=AZXnEaTV3b2j1Z1cAOqupJI5SF0GA80jkdQyhFe17TYlimhRN7YRlwdVu8VC55ymxnaNV9snaJ0PsXe_pFolDIIoGESlIeKkVIHNZpqgA_ljiUCSOOS1ZOG8gU-tOM75bbXVrlbgst_NpFJAPGqztX7tYGPIlBG-rCwfWrO4sBjSCyf1iALUJCYZyAncHs-AbTw&amp;__tn__=-%5DK-R\">Kin&amp;Perform<\/a> vous aurez l\u2019assurance d\u2019un suivi personnalis\u00e9 et en phase avec l\u2019\u00e9volution de la litt\u00e9rature scientifique<\/p>\n\n\n\n<h2 class=\"wp-block-heading\">Equipe de Fl\u00e9ron<\/h2>\n\n\n\n<p>Pour le centre de Fl\u00e9ron, plus d&#8217;info et rendez-vous:  <a href=\"https:\/\/www.doctoranytime.be\/h\/kinkaiperform-fleron\">ici<\/a><\/p>\n\n\n\n<h2 class=\"wp-block-heading\">Equipe de Ch\u00ean\u00e9e<\/h2>\n\n\n\n<p>Pour le centre de Ch\u00ean\u00e9e, plus d&#8217;info et rendez-vous:  <a href=\"https:\/\/www.doctoranytime.be\/h\/kinkaiperform-fleron\">ici<\/a><\/p>\n\n\n\n<p><\/p>\n","protected":false},"excerpt":{"rendered":"<p>2 centres, 2 \u00e9quipes, une seule philosophie partag\u00e9e&nbsp;: bouger pour votre sant\u00e9&nbsp;! La richesse de notre enseigne r\u00e9side dans les personnes qui la compose. Leur vision des choses, leur mani\u00e8re de travailler ou encore de partager et communiquer entre elles. Chez Kin&amp;Perform vous aurez l\u2019assurance d\u2019un suivi personnalis\u00e9 et en phase avec l\u2019\u00e9volution de la [&hellip;]<\/p>\n","protected":false},"author":1,"featured_media":63,"parent":0,"menu_order":0,"comment_status":"closed","ping_status":"closed","template":"","meta":{"footnotes":""},"class_list":["post-9","page","type-page","status-publish","has-post-thumbnail","czr-hentry"],"yoast_head":"<!-- This site is optimized with the Yoast SEO plugin v27.3 - https:\/\/yoast.com\/product\/yoast-seo-wordpress\/ -->\n<title>Equipes - KIN &amp; Perform<\/title>\n<meta name=\"robots\" content=\"index, follow, max-snippet:-1, max-image-preview:large, max-video-preview:-1\" \/>\n<link rel=\"canonical\" href=\"https:\/\/kineperform.be\/index.php\/equipe-centres\/\" \/>\n<meta property=\"og:locale\" content=\"en_US\" \/>\n<meta property=\"og:type\" content=\"article\" \/>\n<meta property=\"og:title\" content=\"Equipes - KIN &amp; Perform\" \/>\n<meta property=\"og:description\" content=\"2 centres, 2 \u00e9quipes, une seule philosophie partag\u00e9e&nbsp;: bouger pour votre sant\u00e9&nbsp;! La richesse de notre enseigne r\u00e9side dans les personnes qui la compose. Leur vision des choses, leur mani\u00e8re de travailler ou encore de partager et communiquer entre elles. Chez Kin&amp;Perform vous aurez l\u2019assurance d\u2019un suivi personnalis\u00e9 et en phase avec l\u2019\u00e9volution de la [&hellip;]\" \/>\n<meta property=\"og:url\" content=\"https:\/\/kineperform.be\/index.php\/equipe-centres\/\" \/>\n<meta property=\"og:site_name\" content=\"KIN &amp; Perform\" \/>\n<meta property=\"article:modified_time\" content=\"2025-01-29T08:26:44+00:00\" \/>\n<meta property=\"og:image\" content=\"http:\/\/kineperform.be\/wp-content\/uploads\/2023\/09\/IMG_5651-scaled.jpg\" \/>\n\t<meta property=\"og:image:width\" content=\"2076\" \/>\n\t<meta property=\"og:image:height\" content=\"2560\" \/>\n\t<meta property=\"og:image:type\" content=\"image\/jpeg\" \/>\n<meta name=\"twitter:card\" content=\"summary_large_image\" \/>\n<meta name=\"twitter:label1\" content=\"Est. reading time\" \/>\n\t<meta name=\"twitter:data1\" content=\"1 minute\" \/>\n<script type=\"application\/ld+json\" class=\"yoast-schema-graph\">{\"@context\":\"https:\\\/\\\/schema.org\",\"@graph\":[{\"@type\":\"WebPage\",\"@id\":\"https:\\\/\\\/kineperform.be\\\/index.php\\\/equipe-centres\\\/\",\"url\":\"https:\\\/\\\/kineperform.be\\\/index.php\\\/equipe-centres\\\/\",\"name\":\"Equipes - KIN &amp; Perform\",\"isPartOf\":{\"@id\":\"https:\\\/\\\/kineperform.be\\\/#website\"},\"primaryImageOfPage\":{\"@id\":\"https:\\\/\\\/kineperform.be\\\/index.php\\\/equipe-centres\\\/#primaryimage\"},\"image\":{\"@id\":\"https:\\\/\\\/kineperform.be\\\/index.php\\\/equipe-centres\\\/#primaryimage\"},\"thumbnailUrl\":\"https:\\\/\\\/kineperform.be\\\/wp-content\\\/uploads\\\/2023\\\/09\\\/IMG_5651-scaled.jpg\",\"datePublished\":\"2023-09-14T14:47:01+00:00\",\"dateModified\":\"2025-01-29T08:26:44+00:00\",\"breadcrumb\":{\"@id\":\"https:\\\/\\\/kineperform.be\\\/index.php\\\/equipe-centres\\\/#breadcrumb\"},\"inLanguage\":\"en-US\",\"potentialAction\":[{\"@type\":\"ReadAction\",\"target\":[\"https:\\\/\\\/kineperform.be\\\/index.php\\\/equipe-centres\\\/\"]}]},{\"@type\":\"ImageObject\",\"inLanguage\":\"en-US\",\"@id\":\"https:\\\/\\\/kineperform.be\\\/index.php\\\/equipe-centres\\\/#primaryimage\",\"url\":\"https:\\\/\\\/kineperform.be\\\/wp-content\\\/uploads\\\/2023\\\/09\\\/IMG_5651-scaled.jpg\",\"contentUrl\":\"https:\\\/\\\/kineperform.be\\\/wp-content\\\/uploads\\\/2023\\\/09\\\/IMG_5651-scaled.jpg\",\"width\":2076,\"height\":2560},{\"@type\":\"BreadcrumbList\",\"@id\":\"https:\\\/\\\/kineperform.be\\\/index.php\\\/equipe-centres\\\/#breadcrumb\",\"itemListElement\":[{\"@type\":\"ListItem\",\"position\":1,\"name\":\"Accueil\",\"item\":\"https:\\\/\\\/kineperform.be\\\/\"},{\"@type\":\"ListItem\",\"position\":2,\"name\":\"Equipes\"}]},{\"@type\":\"WebSite\",\"@id\":\"https:\\\/\\\/kineperform.be\\\/#website\",\"url\":\"https:\\\/\\\/kineperform.be\\\/\",\"name\":\"KIN & Perform\",\"description\":\"\",\"publisher\":{\"@id\":\"https:\\\/\\\/kineperform.be\\\/#organization\"},\"potentialAction\":[{\"@type\":\"SearchAction\",\"target\":{\"@type\":\"EntryPoint\",\"urlTemplate\":\"https:\\\/\\\/kineperform.be\\\/?s={search_term_string}\"},\"query-input\":{\"@type\":\"PropertyValueSpecification\",\"valueRequired\":true,\"valueName\":\"search_term_string\"}}],\"inLanguage\":\"en-US\"},{\"@type\":\"Organization\",\"@id\":\"https:\\\/\\\/kineperform.be\\\/#organization\",\"name\":\"KIN & Perform\",\"url\":\"https:\\\/\\\/kineperform.be\\\/\",\"logo\":{\"@type\":\"ImageObject\",\"inLanguage\":\"en-US\",\"@id\":\"https:\\\/\\\/kineperform.be\\\/#\\\/schema\\\/logo\\\/image\\\/\",\"url\":\"https:\\\/\\\/kineperform.be\\\/wp-content\\\/uploads\\\/2023\\\/09\\\/Logotype_Kineperform_Fond-Noir-25060.png\",\"contentUrl\":\"https:\\\/\\\/kineperform.be\\\/wp-content\\\/uploads\\\/2023\\\/09\\\/Logotype_Kineperform_Fond-Noir-25060.png\",\"width\":250,\"height\":63,\"caption\":\"KIN & Perform\"},\"image\":{\"@id\":\"https:\\\/\\\/kineperform.be\\\/#\\\/schema\\\/logo\\\/image\\\/\"}}]}<\/script>\n<!-- \/ Yoast SEO plugin. -->","yoast_head_json":{"title":"Equipes - KIN &amp; Perform","robots":{"index":"index","follow":"follow","max-snippet":"max-snippet:-1","max-image-preview":"max-image-preview:large","max-video-preview":"max-video-preview:-1"},"canonical":"https:\/\/kineperform.be\/index.php\/equipe-centres\/","og_locale":"en_US","og_type":"article","og_title":"Equipes - KIN &amp; Perform","og_description":"2 centres, 2 \u00e9quipes, une seule philosophie partag\u00e9e&nbsp;: bouger pour votre sant\u00e9&nbsp;! La richesse de notre enseigne r\u00e9side dans les personnes qui la compose. Leur vision des choses, leur mani\u00e8re de travailler ou encore de partager et communiquer entre elles. Chez Kin&amp;Perform vous aurez l\u2019assurance d\u2019un suivi personnalis\u00e9 et en phase avec l\u2019\u00e9volution de la [&hellip;]","og_url":"https:\/\/kineperform.be\/index.php\/equipe-centres\/","og_site_name":"KIN &amp; Perform","article_modified_time":"2025-01-29T08:26:44+00:00","og_image":[{"width":2076,"height":2560,"url":"http:\/\/kineperform.be\/wp-content\/uploads\/2023\/09\/IMG_5651-scaled.jpg","type":"image\/jpeg"}],"twitter_card":"summary_large_image","twitter_misc":{"Est. reading time":"1 minute"},"schema":{"@context":"https:\/\/schema.org","@graph":[{"@type":"WebPage","@id":"https:\/\/kineperform.be\/index.php\/equipe-centres\/","url":"https:\/\/kineperform.be\/index.php\/equipe-centres\/","name":"Equipes - KIN &amp; Perform","isPartOf":{"@id":"https:\/\/kineperform.be\/#website"},"primaryImageOfPage":{"@id":"https:\/\/kineperform.be\/index.php\/equipe-centres\/#primaryimage"},"image":{"@id":"https:\/\/kineperform.be\/index.php\/equipe-centres\/#primaryimage"},"thumbnailUrl":"https:\/\/kineperform.be\/wp-content\/uploads\/2023\/09\/IMG_5651-scaled.jpg","datePublished":"2023-09-14T14:47:01+00:00","dateModified":"2025-01-29T08:26:44+00:00","breadcrumb":{"@id":"https:\/\/kineperform.be\/index.php\/equipe-centres\/#breadcrumb"},"inLanguage":"en-US","potentialAction":[{"@type":"ReadAction","target":["https:\/\/kineperform.be\/index.php\/equipe-centres\/"]}]},{"@type":"ImageObject","inLanguage":"en-US","@id":"https:\/\/kineperform.be\/index.php\/equipe-centres\/#primaryimage","url":"https:\/\/kineperform.be\/wp-content\/uploads\/2023\/09\/IMG_5651-scaled.jpg","contentUrl":"https:\/\/kineperform.be\/wp-content\/uploads\/2023\/09\/IMG_5651-scaled.jpg","width":2076,"height":2560},{"@type":"BreadcrumbList","@id":"https:\/\/kineperform.be\/index.php\/equipe-centres\/#breadcrumb","itemListElement":[{"@type":"ListItem","position":1,"name":"Accueil","item":"https:\/\/kineperform.be\/"},{"@type":"ListItem","position":2,"name":"Equipes"}]},{"@type":"WebSite","@id":"https:\/\/kineperform.be\/#website","url":"https:\/\/kineperform.be\/","name":"KIN & Perform","description":"","publisher":{"@id":"https:\/\/kineperform.be\/#organization"},"potentialAction":[{"@type":"SearchAction","target":{"@type":"EntryPoint","urlTemplate":"https:\/\/kineperform.be\/?s={search_term_string}"},"query-input":{"@type":"PropertyValueSpecification","valueRequired":true,"valueName":"search_term_string"}}],"inLanguage":"en-US"},{"@type":"Organization","@id":"https:\/\/kineperform.be\/#organization","name":"KIN & Perform","url":"https:\/\/kineperform.be\/","logo":{"@type":"ImageObject","inLanguage":"en-US","@id":"https:\/\/kineperform.be\/#\/schema\/logo\/image\/","url":"https:\/\/kineperform.be\/wp-content\/uploads\/2023\/09\/Logotype_Kineperform_Fond-Noir-25060.png","contentUrl":"https:\/\/kineperform.be\/wp-content\/uploads\/2023\/09\/Logotype_Kineperform_Fond-Noir-25060.png","width":250,"height":63,"caption":"KIN & Perform"},"image":{"@id":"https:\/\/kineperform.be\/#\/schema\/logo\/image\/"}}]}},"_links":{"self":[{"href":"https:\/\/kineperform.be\/index.php\/wp-json\/wp\/v2\/pages\/9","targetHints":{"allow":["GET"]}}],"collection":[{"href":"https:\/\/kineperform.be\/index.php\/wp-json\/wp\/v2\/pages"}],"about":[{"href":"https:\/\/kineperform.be\/index.php\/wp-json\/wp\/v2\/types\/page"}],"author":[{"embeddable":true,"href":"https:\/\/kineperform.be\/index.php\/wp-json\/wp\/v2\/users\/1"}],"replies":[{"embeddable":true,"href":"https:\/\/kineperform.be\/index.php\/wp-json\/wp\/v2\/comments?post=9"}],"version-history":[{"count":9,"href":"https:\/\/kineperform.be\/index.php\/wp-json\/wp\/v2\/pages\/9\/revisions"}],"predecessor-version":[{"id":134,"href":"https:\/\/kineperform.be\/index.php\/wp-json\/wp\/v2\/pages\/9\/revisions\/134"}],"wp:featuredmedia":[{"embeddable":true,"href":"https:\/\/kineperform.be\/index.php\/wp-json\/wp\/v2\/media\/63"}],"wp:attachment":[{"href":"https:\/\/kineperform.be\/index.php\/wp-json\/wp\/v2\/media?parent=9"}],"curies":[{"name":"wp","href":"https:\/\/api.w.org\/{rel}","templated":true}]}}